{"id":252,"date":"2014-02-28T06:50:14","date_gmt":"2014-02-28T06:50:14","guid":{"rendered":"http:\/\/www.maestrospiro.com\/ita\/?page_id=252"},"modified":"2026-04-08T06:54:15","modified_gmt":"2026-04-08T06:54:15","slug":"david-w-spiro-biografia","status":"publish","type":"page","link":"http:\/\/www.maestrospiro.com\/ita\/david-w-spiro-biografia\/","title":{"rendered":"Biografia"},"content":{"rendered":"<h5 style=\"text-align: right;\"><strong><a href=\"http:\/\/www.maestrospiro.com\/ita\/wp-content\/uploads\/2026\/04\/David_William_Spiro_Biografia.pdf\" target=\"_blank\" rel=\"noopener\">Scaricare la Biografia Completa (PDF)<\/a><\/strong><\/h5>\n<p>&nbsp;<\/p>\n<p><strong>David <\/strong><strong>William Spiro <\/strong>\u00e8 un direttore d\u2019orchestra albanese-americano specializzato nel repertorio operistico italiano dal <em>bel canto <\/em>al <em>verismo<\/em>, con particolare attenzione a <strong>Verdi <\/strong>e <strong>Puccini<\/strong>. Il suo lavoro si distingue per chiarezza stilistica, solidit\u00e0 strutturale e un approccio collaborativo con cantanti, coro e orchestra.<\/p>\n<p>&nbsp;<\/p>\n<p>Tra gli impegni recenti figurano <strong><em>Nabucco<\/em><\/strong><em>, <strong>La boh\u00e8me<\/strong>, <strong>Rigoletto<\/strong>, <strong>Il trovatore<\/strong>, <strong>Tosca<\/strong><\/em> e <strong><em>Madama Butterfly<\/em><\/strong>, oltre a nuovi titoli quali <strong><em>La Cenerentola<\/em><\/strong><em>, <strong>Les contes d\u2019Hoffmann<\/strong><\/em> e <strong><em>Les p\u00eacheurs de perles<\/em><\/strong>.&nbsp; Si esibisce regolarmente in Europa, in particolare in Italia, Romania, Bulgaria e Repubblica Ceca, ed \u00e8 frequentemente chiamato per produzioni che richiedono flessibilit\u00e0, efficienza nel lavoro di prove e la capacit\u00e0 di inserirsi rapidamente in produzioni gi\u00e0 in corso.<\/p>\n<p>&nbsp;<\/p>\n<p>La critica ha descritto le sue interpretazioni come \u201cvibranti, incisive e coinvolgenti\u201d, sottolineando un approccio musicale che unisce intensit\u00e0 drammatica e rigore stilistico. Particolarmente apprezzato nel sistema di repertorio, Spiro ha sviluppato una solida reputazione per la capacit\u00e0 di subentrare in produzioni in tempi rapidi, garantendo continuit\u00e0 musicale e alti standard esecutivi.<\/p>\n<p>&nbsp;<\/p>\n<p>Spiro ha studiato la direzione d\u2019orchestra con <strong>Piero Bellugi <\/strong>presso il <strong><em>New England<\/em><\/strong><strong><em> Conservatory of Music<\/em><\/strong>. Ha successivamente lavorato a stretto contatto con <strong>Sarah Caldwell <\/strong>presso l\u2019<strong><em>Opera Company of <\/em><\/strong><strong><em>Boston<\/em><\/strong> e con <strong>Nicola Rescigno <\/strong>presso la <strong><em>Dallas Opera<\/em><\/strong>. La sua formazione artistica \u00e8 stata ulteriormente influenzata dall\u2019incontro con <strong>Leonard Bernstein<\/strong>, che lo defin\u00ec \u201cun talento unico\u201d.<\/p>\n<p>&nbsp;<\/p>\n<p>Ha debuttato professionalmente dirigendo membri della <strong><em>Boston Symphony Orchestra <\/em><\/strong>in un concerto in onore di Bernstein, dirigendo lo <strong><em>Stabat Mater<\/em> <\/strong>di <strong>Rossini <\/strong>con un cast di rilievo che includeva <strong>Edda Moser<\/strong>, <strong>D\u2019anna Fortunato<\/strong>, <strong>Gregory Kunde <\/strong>e <strong>Jerome Hines<\/strong>. La performance \u00e8 stata definita \u201cun tributo degno di Bernstein\u201d (<em>The Boston Globe<\/em>) ed \u00e8 stata trasmessa dalla <em>National Public Radio <\/em>(<em>NPR<\/em>). Successivamente ha diretto <strong><em>Medea<\/em> <\/strong>di <strong>Cherubini <\/strong>con la <strong><em>Boston Festival Opera<\/em><\/strong>, con <strong>Sylvia Sass<\/strong>, <strong>Rita Gorr <\/strong>e <strong>John Macurdy<\/strong>.<\/p>\n<p>&nbsp;<\/p>\n<p>Oltre al repertorio italiano, Spiro ha diretto un ampio repertorio operistico standard, tra cui <strong>Mozart<\/strong>, <strong>Bizet<\/strong>, <strong>Wagner <\/strong>e <strong>\u010cajkovskij<\/strong>. Possiede inoltre una particolare conoscenza della tradizione operistica italiana, sviluppata anche attraverso il lavoro con artisti legati direttamente a tale scuola, tra cui <strong>Magda Olivero<\/strong>, <strong>Francesco Siciliani <\/strong>e <strong>Virginia Zeani<\/strong>.<\/p>\n","protected":false},"excerpt":{"rendered":"<p>Scaricare la Biografia Completa (PDF) &nbsp; David William Spiro \u00e8 un direttore d\u2019orchestra albanese-americano specializzato nel repertorio operistico italiano dal bel canto al verismo, con particolare attenzione a Verdi e Puccini. Il suo lavoro si distingue per chiarezza stilistica, solidit\u00e0 strutturale e un approccio collaborativo con cantanti, coro e orchestra. &nbsp; Tra gli impegni recenti [&hellip;]<\/p>\n","protected":false},"author":1,"featured_media":0,"parent":0,"menu_order":0,"comment_status":"open","ping_status":"open","template":"","meta":{"ngg_post_thumbnail":0,"footnotes":""},"class_list":["post-252","page","type-page","status-publish","hentry"],"_links":{"self":[{"href":"http:\/\/www.maestrospiro.com\/ita\/wp-json\/wp\/v2\/pages\/252","targetHints":{"allow":["GET"]}}],"collection":[{"href":"http:\/\/www.maestrospiro.com\/ita\/wp-json\/wp\/v2\/pages"}],"about":[{"href":"http:\/\/www.maestrospiro.com\/ita\/wp-json\/wp\/v2\/types\/page"}],"author":[{"embeddable":true,"href":"http:\/\/www.maestrospiro.com\/ita\/wp-json\/wp\/v2\/users\/1"}],"replies":[{"embeddable":true,"href":"http:\/\/www.maestrospiro.com\/ita\/wp-json\/wp\/v2\/comments?post=252"}],"version-history":[{"count":30,"href":"http:\/\/www.maestrospiro.com\/ita\/wp-json\/wp\/v2\/pages\/252\/revisions"}],"predecessor-version":[{"id":875,"href":"http:\/\/www.maestrospiro.com\/ita\/wp-json\/wp\/v2\/pages\/252\/revisions\/875"}],"wp:attachment":[{"href":"http:\/\/www.maestrospiro.com\/ita\/wp-json\/wp\/v2\/media?parent=252"}],"curies":[{"name":"wp","href":"https:\/\/api.w.org\/{rel}","templated":true}]}}